{"id":4965,"date":"2018-05-25T13:41:01","date_gmt":"2018-05-25T13:41:01","guid":{"rendered":"https:\/\/oilregeneration.globecore.com\/?page_id=4965"},"modified":"2018-05-25T13:41:01","modified_gmt":"2018-05-25T13:41:01","slug":"oil-filling-and-transportation-unit-udm","status":"publish","type":"page","link":"https:\/\/oilregeneration.globecore.com\/katalog\/oil-purification-and-regeneration-equipment\/oil-filling-and-transportation-unit-udm","title":{"rendered":"Oil Filling and Transportation Unit UDM"},"content":{"rendered":"<div id=\"pl-1632\" class=\"panel-layout\">\n<div id=\"pg-1632-0\" class=\"panel-grid panel-no-style\">\n<div id=\"pgc-1632-0-0\" class=\"panel-grid-cell\" data-weight=\"1\">\n<p>La instalaci\u00f3n UDV-1 est\u00e1 dise\u00f1ada para bombear, almacenar, transportar y rellenar transformadores con aceite aislante el\u00e9ctrico. Se suministran bombas manuales o el\u00e9ctricas con la unidad.<\/p>\n<table>\n<tbody>\n<tr>\n<td><b> \u2116<\/b><\/td>\n<td>\u00a0\u00a0\u00a0\u00a0\u00a0\u00a0\u00a0\u00a0\u00a0\u00a0\u00a0\u00a0\u00a0\u00a0\u00a0\u00a0\u00a0<b>Nombre del par\u00e1metro <\/b><\/td>\n<td>\u00a0\u00a0\u00a0\u00a0\u00a0\u00a0\u00a0\u00a0\u00a0\u00a0\u00a0\u00a0\u00a0\u00a0\u00a0\u00a0\u00a0<b>Valor<\/b><\/td>\n<\/tr>\n<tr>\n<td><b>1<\/b><\/td>\n<td>Capacidad volum\u00e9trica, litros \/ galones<\/td>\n<td>\u00a0\u00a0\u00a0\u00a0\u00a0\u00a0\u00a0\u00a0\u00a0\u00a0\u00a01000\/264.2<\/td>\n<\/tr>\n<tr>\n<td><b>2<\/b><\/td>\n<td>Productividad de la bomba de carga, m3 \/ h<\/td>\n<td>\u00a0\u00a0\u00a0\u00a0\u00a0\u00a0\u00a0\u00a0\u00a0\u00a0\u00a0\u00a0\u00a0\u00a01.7\/450<\/td>\n<\/tr>\n<tr>\n<td><b>3<\/b><\/td>\n<td>Productividad de la bomba de descarga manual, l \/ gal por hora<\/td>\n<td>\u00a0\u00a0\u00a0\u00a0\u00a0\u00a0\u00a0\u00a0\u00a0\u00a0\u00a0\u00a0\u00a0\u00a030 \/ 7.8<\/td>\n<\/tr>\n<tr>\n<td><b> 4<\/b><\/td>\n<td>Potencia nominal, kW<\/td>\n<td>\u00a0\u00a0\u00a0\u00a0\u00a0\u00a0\u00a0\u00a0\u00a0\u00a0\u00a0\u00a0\u00a0\u00a0\u00a0\u00a0\u00a0\u00a02.2<\/td>\n<\/tr>\n<tr>\n<td><b>5<\/b><\/td>\n<td>Par\u00e1metros de alimentaci\u00f3n<\/td>\n<td><\/td>\n<\/tr>\n<tr>\n<td><b>6<\/b><\/td>\n<td>Dimensiones exteriores, mm \/ ft, no m\u00e1s de :<\/p>\n<ul>\n<li>longitud<\/li>\n<li>ancho<\/li>\n<li>alto<\/li>\n<\/ul>\n<\/td>\n<td>\n3575\/141\u201d<\/p>\n<p>1805\/71.1\u201d<\/p>\n<p>1705\/67.1\u201d<\/td>\n<\/tr>\n<tr>\n<td><b> 7<\/b><\/td>\n<td>Peso , kg \/ lb , no mas de<\/td>\n<td>\u00a0\u00a0\u00a0\u00a0\u00a0\u00a0\u00a0\u00a0\u00a0\u00a0\u00a0\u00a0850\/1,878.5<\/td>\n<\/tr>\n<\/tbody>\n<\/table>\n<p><b>Resistencia diel\u00e9ctrica de aceite de transformador<\/b><\/p>\n<p>Resistencia diel\u00e9ctrica del aceite del transformador proporciona un funcionamiento confiable de los equipos el\u00e9ctricos. La resistencia diel\u00e9ctrica del aceite del transformador, est\u00e1 determinada principalmente por la presencia de fibras y agua en el aceite, por lo que no debe haber impurezas mec\u00e1nicas y agua en el aceite. La resistencia diel\u00e9ctrica del aceite disminuye con el tiempo.<\/p>\n<\/div>\n<\/div>\n<\/div>\n","protected":false},"excerpt":{"rendered":"<p>La instalaci\u00f3n UDV-1 est\u00e1 dise\u00f1ada para bombear, almacenar, transportar y rellenar transformadores con aceite aislante el\u00e9ctrico. Se suministran bombas manuales o el\u00e9ctricas con la unidad. \u2116 \u00a0\u00a0\u00a0\u00a0\u00a0\u00a0\u00a0\u00a0\u00a0\u00a0\u00a0\u00a0\u00a0\u00a0\u00a0\u00a0\u00a0Nombre del par\u00e1metro \u00a0\u00a0\u00a0\u00a0\u00a0\u00a0\u00a0\u00a0\u00a0\u00a0\u00a0\u00a0\u00a0\u00a0\u00a0\u00a0\u00a0Valor 1 Capacidad volum\u00e9trica, litros \/ galones \u00a0\u00a0\u00a0\u00a0\u00a0\u00a0\u00a0\u00a0\u00a0\u00a0\u00a01000\/264.2 2 Productividad de la bomba de carga, m3 \/ h \u00a0\u00a0\u00a0\u00a0\u00a0\u00a0\u00a0\u00a0\u00a0\u00a0\u00a0\u00a0\u00a0\u00a01.7\/450 3 Productividad de la bomba de descarga<a class=\"cg-read-more\" href=\"https:\/\/oilregeneration.globecore.com\/katalog\/oil-purification-and-regeneration-equipment\/oil-filling-and-transportation-unit-udm\" target=\"_blank\">Read More <\/a><\/p>\n","protected":false},"author":40,"featured_media":4920,"parent":99,"menu_order":0,"comment_status":"closed","ping_status":"closed","template":"page-templates\/page-single-products.php","meta":{"footnotes":""},"class_list":["post-4965","page","type-page","status-publish","has-post-thumbnail","hentry"],"acf":[],"language":"en","_links":{"self":[{"href":"https:\/\/oilregeneration.globecore.com\/en\/wp-json\/wp\/v2\/pages\/4965","targetHints":{"allow":["GET"]}}],"collection":[{"href":"https:\/\/oilregeneration.globecore.com\/en\/wp-json\/wp\/v2\/pages"}],"about":[{"href":"https:\/\/oilregeneration.globecore.com\/en\/wp-json\/wp\/v2\/types\/page"}],"author":[{"embeddable":true,"href":"https:\/\/oilregeneration.globecore.com\/en\/wp-json\/wp\/v2\/users\/40"}],"replies":[{"embeddable":true,"href":"https:\/\/oilregeneration.globecore.com\/en\/wp-json\/wp\/v2\/comments?post=4965"}],"version-history":[{"count":0,"href":"https:\/\/oilregeneration.globecore.com\/en\/wp-json\/wp\/v2\/pages\/4965\/revisions"}],"up":[{"embeddable":true,"href":"https:\/\/oilregeneration.globecore.com\/en\/wp-json\/wp\/v2\/pages\/99"}],"wp:featuredmedia":[{"embeddable":true,"href":"https:\/\/oilregeneration.globecore.com\/en\/wp-json\/wp\/v2\/media\/4920"}],"wp:attachment":[{"href":"https:\/\/oilregeneration.globecore.com\/en\/wp-json\/wp\/v2\/media?parent=4965"}],"curies":[{"name":"wp","href":"https:\/\/api.w.org\/{rel}","templated":true}]}}